{"id":5719,"date":"2025-12-22T15:42:33","date_gmt":"2025-12-22T12:42:33","guid":{"rendered":"https:\/\/bakuba-lodge.com\/?page_id=5719"},"modified":"2025-12-23T09:54:22","modified_gmt":"2025-12-23T06:54:22","slug":"kikuyu-suite","status":"publish","type":"page","link":"https:\/\/bakuba-lodge.com\/fr\/kikuyu-suite\/","title":{"rendered":"Kikuyu Suite"},"content":{"rendered":"<div data-elementor-type=\"wp-page\" data-elementor-id=\"5719\" class=\"elementor elementor-5719\" data-elementor-settings=\"{&quot;ha_cmc_init_switcher&quot;:&quot;no&quot;}\">\n\t\t\t\t\t\t<section class=\"elementor-section elementor-top-section elementor-element elementor-element-f3988e5 elementor-section-height-min-height elementor-section-stretched elementor-section-boxed elementor-section-height-default elementor-section-items-middle\" data-id=\"f3988e5\" data-element_type=\"section\" data-settings=\"{&quot;stretch_section&quot;:&quot;section-stretched&quot;,&quot;background_background&quot;:&quot;classic&quot;,&quot;shape_divider_bottom&quot;:&quot;wave-brush&quot;,&quot;_ha_eqh_enable&quot;:false}\">\n\t\t\t\t\t\t\t<div class=\"elementor-background-overlay\"><\/div>\n\t\t\t\t\t\t<div class=\"elementor-shape elementor-shape-bottom\" aria-hidden=\"true\" data-negative=\"false\">\n\t\t\t<svg xmlns=\"http:\/\/www.w3.org\/2000\/svg\" viewbox=\"0 0 283.5 27.8\" preserveaspectratio=\"none\">\n\t<path class=\"elementor-shape-fill\" d=\"M283.5,9.7c0,0-7.3,4.3-14,4.6c-6.8,0.3-12.6,0-20.9-1.5c-11.3-2-33.1-10.1-44.7-5.7\ts-12.1,4.6-18,7.4c-6.6,3.2-20,9.6-36.6,9.3C131.6,23.5,99.5,7.2,86.3,8c-1.4,0.1-6.6,0.8-10.5,2c-3.8,1.2-9.4,3.8-17,4.7\tc-3.2,0.4-8.3,1.1-14.2,0.9c-1.5-0.1-6.3-0.4-12-1.6c-5.7-1.2-11-3.1-15.8-3.7C6.5,9.2,0,10.8,0,10.8V0h283.5V9.7z M260.8,11.3\tc-0.7-1-2-0.4-4.3-0.4c-2.3,0-6.1-1.2-5.8-1.1c0.3,0.1,3.1,1.5,6,1.9C259.7,12.2,261.4,12.3,260.8,11.3z M242.4,8.6\tc0,0-2.4-0.2-5.6-0.9c-3.2-0.8-10.3-2.8-15.1-3.5c-8.2-1.1-15.8,0-15.1,0.1c0.8,0.1,9.6-0.6,17.6,1.1c3.3,0.7,9.3,2.2,12.4,2.7\tC239.9,8.7,242.4,8.6,242.4,8.6z M185.2,8.5c1.7-0.7-13.3,4.7-18.5,6.1c-2.1,0.6-6.2,1.6-10,2c-3.9,0.4-8.9,0.4-8.8,0.5\tc0,0.2,5.8,0.8,11.2,0c5.4-0.8,5.2-1.1,7.6-1.6C170.5,14.7,183.5,9.2,185.2,8.5z M199.1,6.9c0.2,0-0.8-0.4-4.8,1.1\tc-4,1.5-6.7,3.5-6.9,3.7c-0.2,0.1,3.5-1.8,6.6-3C197,7.5,199,6.9,199.1,6.9z M283,6c-0.1,0.1-1.9,1.1-4.8,2.5s-6.9,2.8-6.7,2.7\tc0.2,0,3.5-0.6,7.4-2.5C282.8,6.8,283.1,5.9,283,6z M31.3,11.6c0.1-0.2-1.9-0.2-4.5-1.2s-5.4-1.6-7.8-2C15,7.6,7.3,8.5,7.7,8.6\tC8,8.7,15.9,8.3,20.2,9.3c2.2,0.5,2.4,0.5,5.7,1.6S31.2,11.9,31.3,11.6z M73,9.2c0.4-0.1,3.5-1.6,8.4-2.6c4.9-1.1,8.9-0.5,8.9-0.8\tc0-0.3-1-0.9-6.2-0.3S72.6,9.3,73,9.2z M71.6,6.7C71.8,6.8,75,5.4,77.3,5c2.3-0.3,1.9-0.5,1.9-0.6c0-0.1-1.1-0.2-2.7,0.2\tC74.8,5.1,71.4,6.6,71.6,6.7z M93.6,4.4c0.1,0.2,3.5,0.8,5.6,1.8c2.1,1,1.8,0.6,1.9,0.5c0.1-0.1-0.8-0.8-2.4-1.3\tC97.1,4.8,93.5,4.2,93.6,4.4z M65.4,11.1c-0.1,0.3,0.3,0.5,1.9-0.2s2.6-1.3,2.2-1.2s-0.9,0.4-2.5,0.8C65.3,10.9,65.5,10.8,65.4,11.1\tz M34.5,12.4c-0.2,0,2.1,0.8,3.3,0.9c1.2,0.1,2,0.1,2-0.2c0-0.3-0.1-0.5-1.6-0.4C36.6,12.8,34.7,12.4,34.5,12.4z M152.2,21.1\tc-0.1,0.1-2.4-0.3-7.5-0.3c-5,0-13.6-2.4-17.2-3.5c-3.6-1.1,10,3.9,16.5,4.1C150.5,21.6,152.3,21,152.2,21.1z\"\/>\n\t<path class=\"elementor-shape-fill\" d=\"M269.6,18c-0.1-0.1-4.6,0.3-7.2,0c-7.3-0.7-17-3.2-16.6-2.9c0.4,0.3,13.7,3.1,17,3.3\tC267.7,18.8,269.7,18,269.6,18z\"\/>\n\t<path class=\"elementor-shape-fill\" d=\"M227.4,9.8c-0.2-0.1-4.5-1-9.5-1.2c-5-0.2-12.7,0.6-12.3,0.5c0.3-0.1,5.9-1.8,13.3-1.2\tS227.6,9.9,227.4,9.8z\"\/>\n\t<path class=\"elementor-shape-fill\" d=\"M204.5,13.4c-0.1-0.1,2-1,3.2-1.1c1.2-0.1,2,0,2,0.3c0,0.3-0.1,0.5-1.6,0.4\tC206.4,12.9,204.6,13.5,204.5,13.4z\"\/>\n\t<path class=\"elementor-shape-fill\" d=\"M201,10.6c0-0.1-4.4,1.2-6.3,2.2c-1.9,0.9-6.2,3.1-6.1,3.1c0.1,0.1,4.2-1.6,6.3-2.6\tS201,10.7,201,10.6z\"\/>\n\t<path class=\"elementor-shape-fill\" d=\"M154.5,26.7c-0.1-0.1-4.6,0.3-7.2,0c-7.3-0.7-17-3.2-16.6-2.9c0.4,0.3,13.7,3.1,17,3.3\tC152.6,27.5,154.6,26.8,154.5,26.7z\"\/>\n\t<path class=\"elementor-shape-fill\" d=\"M41.9,19.3c0,0,1.2-0.3,2.9-0.1c1.7,0.2,5.8,0.9,8.2,0.7c4.2-0.4,7.4-2.7,7-2.6\tc-0.4,0-4.3,2.2-8.6,1.9c-1.8-0.1-5.1-0.5-6.7-0.4S41.9,19.3,41.9,19.3z\"\/>\n\t<path class=\"elementor-shape-fill\" d=\"M75.5,12.6c0.2,0.1,2-0.8,4.3-1.1c2.3-0.2,2.1-0.3,2.1-0.5c0-0.1-1.8-0.4-3.4,0\tC76.9,11.5,75.3,12.5,75.5,12.6z\"\/>\n\t<path class=\"elementor-shape-fill\" d=\"M15.6,13.2c0-0.1,4.3,0,6.7,0.5c2.4,0.5,5,1.9,5,2c0,0.1-2.7-0.8-5.1-1.4\tC19.9,13.7,15.7,13.3,15.6,13.2z\"\/>\n<\/svg>\t\t<\/div>\n\t\t\t\t\t<div class=\"elementor-container elementor-column-gap-default\">\n\t\t\t\t\t<div class=\"elementor-column elementor-col-100 elementor-top-column elementor-element elementor-element-505bdfa\" data-id=\"505bdfa\" data-element_type=\"column\">\n\t\t\t<div class=\"elementor-widget-wrap\">\n\t\t\t\t\t\t\t<\/div>\n\t\t<\/div>\n\t\t\t\t\t<\/div>\n\t\t<\/section>\n\t\t\t\t<section class=\"elementor-section elementor-top-section elementor-element elementor-element-4e7deb0 elementor-section-boxed elementor-section-height-default elementor-section-height-default\" data-id=\"4e7deb0\" data-element_type=\"section\" data-settings=\"{&quot;_ha_eqh_enable&quot;:false}\">\n\t\t\t\t\t\t<div class=\"elementor-container elementor-column-gap-default\">\n\t\t\t\t\t<div class=\"elementor-column elementor-col-100 elementor-top-column elementor-element elementor-element-dc1d5f7 dark-color\" data-id=\"dc1d5f7\" data-element_type=\"column\">\n\t\t\t<div class=\"elementor-widget-wrap elementor-element-populated\">\n\t\t\t\t<div class=\"elementor-element elementor-element-de86f09 e-con-full e-flex e-con e-child\" data-id=\"de86f09\" data-element_type=\"container\" data-settings=\"{&quot;_ha_eqh_enable&quot;:false}\">\n\t\t\t\t<div class=\"elementor-element elementor-element-7454222 elementor-widget elementor-widget-text-editor\" data-id=\"7454222\" data-element_type=\"widget\" data-widget_type=\"text-editor.default\">\n\t\t\t\t<div class=\"elementor-widget-container\">\n\t\t\t\t\t\t\t\t\t<h2 class=\"post-title item-title\"><span style=\"color: #000000;\">Kikuyu Suite<\/span><\/h2>\t\t\t\t\t\t\t\t<\/div>\n\t\t\t\t<\/div>\n\t\t\t\t<\/div>\n\t\t\t\t\t<\/div>\n\t\t<\/div>\n\t\t\t\t\t<\/div>\n\t\t<\/section>\n\t\t\t\t<section class=\"elementor-section elementor-top-section elementor-element elementor-element-2970811 elementor-section-boxed elementor-section-height-default elementor-section-height-default\" data-id=\"2970811\" data-element_type=\"section\" data-settings=\"{&quot;_ha_eqh_enable&quot;:false}\">\n\t\t\t\t\t\t<div class=\"elementor-container elementor-column-gap-no\">\n\t\t\t\t\t<div class=\"elementor-column elementor-col-50 elementor-top-column elementor-element elementor-element-a0f95fd\" data-id=\"a0f95fd\" data-element_type=\"column\">\n\t\t\t<div class=\"elementor-widget-wrap elementor-element-populated\">\n\t\t\t\t\t\t<div class=\"elementor-element elementor-element-195421e elementor-widget elementor-widget-text-editor\" data-id=\"195421e\" data-element_type=\"widget\" data-widget_type=\"text-editor.default\">\n\t\t\t\t<div class=\"elementor-widget-container\">\n\t\t\t\t\t\t\t\t\t<p>Lit \"king\"<\/p>\t\t\t\t\t\t\t\t<\/div>\n\t\t\t\t<\/div>\n\t\t\t\t<div class=\"elementor-element elementor-element-8da2459 elementor-icon-list--layout-inline elementor-list-item-link-full_width elementor-widget elementor-widget-icon-list\" data-id=\"8da2459\" data-element_type=\"widget\" data-widget_type=\"icon-list.default\">\n\t\t\t\t<div class=\"elementor-widget-container\">\n\t\t\t\t\t\t\t<ul class=\"elementor-icon-list-items elementor-inline-items\">\n\t\t\t\t\t\t\t<li class=\"elementor-icon-list-item elementor-inline-item\">\n\t\t\t\t\t\t\t\t\t\t\t<span class=\"elementor-icon-list-icon\">\n\t\t\t\t\t\t\t<i aria-hidden=\"true\" class=\"icon icon-home\"><\/i>\t\t\t\t\t\t<\/span>\n\t\t\t\t\t\t\t\t\t\t<span class=\"elementor-icon-list-text\">70 m2<\/span>\n\t\t\t\t\t\t\t\t\t<\/li>\n\t\t\t\t\t\t\t\t<li class=\"elementor-icon-list-item elementor-inline-item\">\n\t\t\t\t\t\t\t\t\t\t\t<span class=\"elementor-icon-list-icon\">\n\t\t\t\t\t\t\t<i aria-hidden=\"true\" class=\"icon icon-Family\"><\/i>\t\t\t\t\t\t<\/span>\n\t\t\t\t\t\t\t\t\t\t<span class=\"elementor-icon-list-text\"> 2 Personnes<\/span>\n\t\t\t\t\t\t\t\t\t<\/li>\n\t\t\t\t\t\t\t\t<li class=\"elementor-icon-list-item elementor-inline-item\">\n\t\t\t\t\t\t\t\t\t\t\t<span class=\"elementor-icon-list-icon\">\n\t\t\t\t\t\t\t<i aria-hidden=\"true\" class=\"icon icon-view\"><\/i>\t\t\t\t\t\t<\/span>\n\t\t\t\t\t\t\t\t\t\t<span class=\"elementor-icon-list-text\">Jardin\/Mer<\/span>\n\t\t\t\t\t\t\t\t\t<\/li>\n\t\t\t\t\t\t<\/ul>\n\t\t\t\t\t\t<\/div>\n\t\t\t\t<\/div>\n\t\t\t\t<div class=\"elementor-element elementor-element-4dac7b8 elementor-widget elementor-widget-text-editor\" data-id=\"4dac7b8\" data-element_type=\"widget\" data-widget_type=\"text-editor.default\">\n\t\t\t\t<div class=\"elementor-widget-container\">\n\t\t\t\t\t\t\t\t\t<p><span lang=\"EN-US\">Un charmant bungalow \u00e0 deux pas de la plage de mangrove, offrant depuis le rooftop une vue imprenable sur les montagnes et la mer.\u00a0<\/span>L\u2019adresse id\u00e9ale pour une escapade \u00e0 deux\u2026<\/p>\t\t\t\t\t\t\t\t<\/div>\n\t\t\t\t<\/div>\n\t\t\t\t<div class=\"elementor-element elementor-element-a7ea989 elementor-widget elementor-widget-text-editor\" data-id=\"a7ea989\" data-element_type=\"widget\" data-widget_type=\"text-editor.default\">\n\t\t\t\t<div class=\"elementor-widget-container\">\n\t\t\t\t\t\t\t\t\t<ul><li>Bungalow proche de la mer<\/li><li>Lit double 180 \u00d7 200 cm<\/li><li>Pas de lit suppl\u00e9mentaire disponible<\/li><\/ul>\t\t\t\t\t\t\t\t<\/div>\n\t\t\t\t<\/div>\n\t\t\t\t\t<\/div>\n\t\t<\/div>\n\t\t\t\t<div class=\"elementor-column elementor-col-50 elementor-top-column elementor-element elementor-element-15be562\" data-id=\"15be562\" data-element_type=\"column\">\n\t\t\t<div class=\"elementor-widget-wrap elementor-element-populated\">\n\t\t\t\t\t\t<div class=\"elementor-element elementor-element-80b2b87 elementor-arrows-position-inside elementor-widget elementor-widget-image-carousel\" data-id=\"80b2b87\" data-element_type=\"widget\" data-settings=\"{&quot;slides_to_show&quot;:&quot;1&quot;,&quot;navigation&quot;:&quot;arrows&quot;,&quot;infinite&quot;:&quot;yes&quot;,&quot;effect&quot;:&quot;slide&quot;,&quot;speed&quot;:500}\" data-widget_type=\"image-carousel.default\">\n\t\t\t\t<div class=\"elementor-widget-container\">\n\t\t\t\t\t\t\t<div class=\"elementor-image-carousel-wrapper swiper\" role=\"region\" aria-roledescription=\"carousel\" aria-label=\"Carrousel d\u2019images\" dir=\"ltr\">\n\t\t\t<div class=\"elementor-image-carousel swiper-wrapper swiper-image-stretch\" aria-live=\"polite\">\n\t\t\t\t\t\t\t\t<div class=\"swiper-slide\" role=\"group\" aria-roledescription=\"slide\" aria-label=\"1 sur 5\" data-no-translation-aria-label=\"\"><figure class=\"swiper-slide-inner\"><img decoding=\"async\" class=\"swiper-slide-image\" src=\"https:\/\/bakuba-lodge.com\/wp-content\/uploads\/2025\/12\/kik-1.jpeg\" alt=\"Kikuyu 1\" \/><\/figure><\/div><div class=\"swiper-slide\" role=\"group\" aria-roledescription=\"slide\" aria-label=\"2 sur 5\" data-no-translation-aria-label=\"\"><figure class=\"swiper-slide-inner\"><img decoding=\"async\" class=\"swiper-slide-image\" src=\"https:\/\/bakuba-lodge.com\/wp-content\/uploads\/2025\/12\/kik-2.jpeg\" alt=\"Kikuyu 2\" \/><\/figure><\/div><div class=\"swiper-slide\" role=\"group\" aria-roledescription=\"slide\" aria-label=\"3 sur 5\" data-no-translation-aria-label=\"\"><figure class=\"swiper-slide-inner\"><img decoding=\"async\" class=\"swiper-slide-image\" src=\"https:\/\/bakuba-lodge.com\/wp-content\/uploads\/2025\/12\/kik-3.jpeg\" alt=\"Kikuyu 3\" \/><\/figure><\/div><div class=\"swiper-slide\" role=\"group\" aria-roledescription=\"slide\" aria-label=\"4 sur 5\" data-no-translation-aria-label=\"\"><figure class=\"swiper-slide-inner\"><img decoding=\"async\" class=\"swiper-slide-image\" src=\"https:\/\/bakuba-lodge.com\/wp-content\/uploads\/2025\/12\/kik-4.jpeg\" alt=\"Kikuyu 4\" \/><\/figure><\/div><div class=\"swiper-slide\" role=\"group\" aria-roledescription=\"slide\" aria-label=\"5 sur 5\" data-no-translation-aria-label=\"\"><figure class=\"swiper-slide-inner\"><img decoding=\"async\" class=\"swiper-slide-image\" src=\"https:\/\/bakuba-lodge.com\/wp-content\/uploads\/2025\/12\/kik-5.jpeg\" alt=\"Kikuyu 5\" \/><\/figure><\/div>\t\t\t<\/div>\n\t\t\t\t\t\t\t\t\t\t\t\t<div class=\"elementor-swiper-button elementor-swiper-button-prev\" role=\"button\" tabindex=\"0\">\n\t\t\t\t\t\t<svg aria-hidden=\"true\" class=\"e-font-icon-svg e-eicon-chevron-left\" viewbox=\"0 0 1000 1000\" xmlns=\"http:\/\/www.w3.org\/2000\/svg\"><path d=\"M646 125C629 125 613 133 604 142L308 442C296 454 292 471 292 487 292 504 296 521 308 533L604 854C617 867 629 875 646 875 663 875 679 871 692 858 704 846 713 829 713 812 713 796 708 779 692 767L438 487 692 225C700 217 708 204 708 187 708 171 704 154 692 142 675 129 663 125 646 125Z\"><\/path><\/svg>\t\t\t\t\t<\/div>\n\t\t\t\t\t<div class=\"elementor-swiper-button elementor-swiper-button-next\" role=\"button\" tabindex=\"0\">\n\t\t\t\t\t\t<svg aria-hidden=\"true\" class=\"e-font-icon-svg e-eicon-chevron-right\" viewbox=\"0 0 1000 1000\" xmlns=\"http:\/\/www.w3.org\/2000\/svg\"><path d=\"M696 533C708 521 713 504 713 487 713 471 708 454 696 446L400 146C388 133 375 125 354 125 338 125 325 129 313 142 300 154 292 171 292 187 292 204 296 221 308 233L563 492 304 771C292 783 288 800 288 817 288 833 296 850 308 863 321 871 338 875 354 875 371 875 388 867 400 854L696 533Z\"><\/path><\/svg>\t\t\t\t\t<\/div>\n\t\t\t\t\n\t\t\t\t\t\t\t\t\t<\/div>\n\t\t\t\t\t\t<\/div>\n\t\t\t\t<\/div>\n\t\t\t\t\t<\/div>\n\t\t<\/div>\n\t\t\t\t\t<\/div>\n\t\t<\/section>\n\t\t\t\t<\/div>","protected":false},"excerpt":{"rendered":"<p>Kikuyu Suite King bed 70 m2 2 Guests Garden\/Sea A charming bungalow just steps away from the mangrove beach, offering from its rooftop a breathtaking view of the mountains and the ocean.\u00a0The perfect retreat for a romantic getaway\u2026 Bungalow close to the sea King-size bed 180 \u00d7 200 cm No extra bed available<\/p>","protected":false},"author":1,"featured_media":0,"parent":0,"menu_order":0,"comment_status":"closed","ping_status":"closed","template":"elementor_header_footer","meta":{"cozystay_single_page_hide_site_header":"","cozystay_single_page_site_header_source":"","cozystay_single_page_custom_site_header":"0","cozystay_single_page_custom_sticky_site_header":"0","cozystay_single_page_hide_page_title":"","cozystay_single_page_header_section_size":"","cozystay_single_page_header_background_color":"","cozystay_single_page_header_background_position_x":"center","cozystay_single_page_header_background_position_y":"center","cozystay_single_page_header_background_size":"cover","cozystay_single_page_header_background_repeat":"off","cozystay_single_page_header_background_scroll":"on","cozystay_single_page_header_text_color":"","cozystay_single_page_header_show_breadcrumb":"","cozystay_single_page_site_footer_hide_main":"","cozystay_single_custom_site_footer_main_source":"","cozystay_single_custom_site_footer_main":"0","cozystay_single_page_site_footer_hide_above":"","cozystay_single_custom_site_footer_above_source":"","cozystay_single_custom_site_footer_above":"0","cozystay_single_page_site_footer_hide_instagram":"","cozystay_single_page_site_footer_hide_bottom":"","cozystay_single_custom_mobile_menu_source":"","cozystay_single_custom_mobile_menu":"0","cozystay_single_custom_mobile_menu_animation":"","cozystay_single_custom_mobile_menu_width":"","cozystay_single_custom_mobile_menu_custom_width":375,"footnotes":""},"class_list":["post-5719","page","type-page","status-publish","hentry"],"yoast_head":"<!-- This site is optimized with the Yoast SEO plugin v26.6 - https:\/\/yoast.com\/wordpress\/plugins\/seo\/ -->\n<title>Kikuyu Suite - Bakuba Lodge<\/title>\n<meta name=\"description\" content=\"Ankilibe. H\u00e9bergement paisible et confort, la Suite UELE Bakuba Lodge, avec vue jardin et mer, b\u00e9n\u00e9ficie d\u2019une d\u00e9coration sobre et naturelle, un havre de paix !\" \/>\n<meta name=\"robots\" content=\"index, follow, max-snippet:-1, max-image-preview:large, max-video-preview:-1\" \/>\n<link rel=\"canonical\" href=\"https:\/\/bakuba-lodge.com\/fr\/kikuyu-suite\/\" \/>\n<meta property=\"og:locale\" content=\"fr_FR\" \/>\n<meta property=\"og:type\" content=\"article\" \/>\n<meta property=\"og:title\" content=\"Kikuyu Suite - Bakuba Lodge\" \/>\n<meta property=\"og:description\" content=\"Ankilibe. H\u00e9bergement paisible et confort, la Suite UELE Bakuba Lodge, avec vue jardin et mer, b\u00e9n\u00e9ficie d\u2019une d\u00e9coration sobre et naturelle, un havre de paix !\" \/>\n<meta property=\"og:url\" content=\"https:\/\/bakuba-lodge.com\/fr\/kikuyu-suite\/\" \/>\n<meta property=\"og:site_name\" content=\"Bakuba Lodge\" \/>\n<meta property=\"article:publisher\" content=\"https:\/\/web.facebook.com\/bakubalodge?_rdc=1&amp;_rdr\" \/>\n<meta property=\"article:modified_time\" content=\"2025-12-23T06:54:22+00:00\" \/>\n<meta property=\"og:image\" content=\"https:\/\/bakuba-lodge.com\/wp-content\/uploads\/2025\/12\/kik-1.jpeg\" \/>\n<meta name=\"twitter:card\" content=\"summary_large_image\" \/>\n<meta name=\"twitter:label1\" content=\"Dur\u00e9e de lecture estim\u00e9e\" \/>\n\t<meta name=\"twitter:data1\" content=\"2 minutes\" \/>\n<script type=\"application\/ld+json\" class=\"yoast-schema-graph\">{\"@context\":\"https:\/\/schema.org\",\"@graph\":[{\"@type\":\"WebPage\",\"@id\":\"https:\/\/bakuba-lodge.com\/kikuyu-suite\/\",\"url\":\"https:\/\/bakuba-lodge.com\/kikuyu-suite\/\",\"name\":\"Kikuyu Suite - Bakuba Lodge\",\"isPartOf\":{\"@id\":\"https:\/\/bakuba-lodge.com\/fr\/#website\"},\"primaryImageOfPage\":{\"@id\":\"https:\/\/bakuba-lodge.com\/kikuyu-suite\/#primaryimage\"},\"image\":{\"@id\":\"https:\/\/bakuba-lodge.com\/kikuyu-suite\/#primaryimage\"},\"thumbnailUrl\":\"https:\/\/bakuba-lodge.com\/wp-content\/uploads\/2025\/12\/kik-1.jpeg\",\"datePublished\":\"2025-12-22T12:42:33+00:00\",\"dateModified\":\"2025-12-23T06:54:22+00:00\",\"description\":\"Ankilibe. H\u00e9bergement paisible et confort, la Suite UELE Bakuba Lodge, avec vue jardin et mer, b\u00e9n\u00e9ficie d\u2019une d\u00e9coration sobre et naturelle, un havre de paix !\",\"breadcrumb\":{\"@id\":\"https:\/\/bakuba-lodge.com\/kikuyu-suite\/#breadcrumb\"},\"inLanguage\":\"fr-FR\",\"potentialAction\":[{\"@type\":\"ReadAction\",\"target\":[\"https:\/\/bakuba-lodge.com\/kikuyu-suite\/\"]}]},{\"@type\":\"ImageObject\",\"inLanguage\":\"fr-FR\",\"@id\":\"https:\/\/bakuba-lodge.com\/kikuyu-suite\/#primaryimage\",\"url\":\"https:\/\/bakuba-lodge.com\/wp-content\/uploads\/2025\/12\/kik-1.jpeg\",\"contentUrl\":\"https:\/\/bakuba-lodge.com\/wp-content\/uploads\/2025\/12\/kik-1.jpeg\"},{\"@type\":\"BreadcrumbList\",\"@id\":\"https:\/\/bakuba-lodge.com\/kikuyu-suite\/#breadcrumb\",\"itemListElement\":[{\"@type\":\"ListItem\",\"position\":1,\"name\":\"Home\",\"item\":\"https:\/\/bakuba-lodge.com\/\"},{\"@type\":\"ListItem\",\"position\":2,\"name\":\"Kikuyu Suite\"}]},{\"@type\":\"WebSite\",\"@id\":\"https:\/\/bakuba-lodge.com\/fr\/#website\",\"url\":\"https:\/\/bakuba-lodge.com\/fr\/\",\"name\":\"Bakuba Lodge\",\"description\":\"Bakuba Lodge\",\"publisher\":{\"@id\":\"https:\/\/bakuba-lodge.com\/fr\/#organization\"},\"potentialAction\":[{\"@type\":\"SearchAction\",\"target\":{\"@type\":\"EntryPoint\",\"urlTemplate\":\"https:\/\/bakuba-lodge.com\/fr\/?s={search_term_string}\"},\"query-input\":{\"@type\":\"PropertyValueSpecification\",\"valueRequired\":true,\"valueName\":\"search_term_string\"}}],\"inLanguage\":\"fr-FR\"},{\"@type\":\"Organization\",\"@id\":\"https:\/\/bakuba-lodge.com\/fr\/#organization\",\"name\":\"Bakuba Lodge\",\"url\":\"https:\/\/bakuba-lodge.com\/fr\/\",\"logo\":{\"@type\":\"ImageObject\",\"inLanguage\":\"fr-FR\",\"@id\":\"https:\/\/bakuba-lodge.com\/fr\/#\/schema\/logo\/image\/\",\"url\":\"https:\/\/bakuba-lodge.com\/wp-content\/uploads\/2024\/03\/cropped-logo-3-bk-01.png\",\"contentUrl\":\"https:\/\/bakuba-lodge.com\/wp-content\/uploads\/2024\/03\/cropped-logo-3-bk-01.png\",\"width\":570,\"height\":190,\"caption\":\"Bakuba Lodge\"},\"image\":{\"@id\":\"https:\/\/bakuba-lodge.com\/fr\/#\/schema\/logo\/image\/\"},\"sameAs\":[\"https:\/\/web.facebook.com\/bakubalodge?_rdc=1&_rdr\",\"https:\/\/www.instagram.com\/Bakuba_concept_Lodge\/\",\"https:\/\/www.tripadvisor.com\/Hotel_Review-g1826204-d4269268-Reviews-Bakuba_Lodge-Toliara_Toliara_Province.html\"]}]}<\/script>\n<!-- \/ Yoast SEO plugin. -->","yoast_head_json":{"title":"Kikuyu Suite - Bakuba Lodge","description":"Ankilibe. H\u00e9bergement paisible et confort, la Suite UELE Bakuba Lodge, avec vue jardin et mer, b\u00e9n\u00e9ficie d\u2019une d\u00e9coration sobre et naturelle, un havre de paix !","robots":{"index":"index","follow":"follow","max-snippet":"max-snippet:-1","max-image-preview":"max-image-preview:large","max-video-preview":"max-video-preview:-1"},"canonical":"https:\/\/bakuba-lodge.com\/fr\/kikuyu-suite\/","og_locale":"fr_FR","og_type":"article","og_title":"Kikuyu Suite - Bakuba Lodge","og_description":"Ankilibe. H\u00e9bergement paisible et confort, la Suite UELE Bakuba Lodge, avec vue jardin et mer, b\u00e9n\u00e9ficie d\u2019une d\u00e9coration sobre et naturelle, un havre de paix !","og_url":"https:\/\/bakuba-lodge.com\/fr\/kikuyu-suite\/","og_site_name":"Bakuba Lodge","article_publisher":"https:\/\/web.facebook.com\/bakubalodge?_rdc=1&_rdr","article_modified_time":"2025-12-23T06:54:22+00:00","og_image":[{"url":"https:\/\/bakuba-lodge.com\/wp-content\/uploads\/2025\/12\/kik-1.jpeg","type":"","width":"","height":""}],"twitter_card":"summary_large_image","twitter_misc":{"Dur\u00e9e de lecture estim\u00e9e":"2 minutes"},"schema":{"@context":"https:\/\/schema.org","@graph":[{"@type":"WebPage","@id":"https:\/\/bakuba-lodge.com\/kikuyu-suite\/","url":"https:\/\/bakuba-lodge.com\/kikuyu-suite\/","name":"Kikuyu Suite - Bakuba Lodge","isPartOf":{"@id":"https:\/\/bakuba-lodge.com\/fr\/#website"},"primaryImageOfPage":{"@id":"https:\/\/bakuba-lodge.com\/kikuyu-suite\/#primaryimage"},"image":{"@id":"https:\/\/bakuba-lodge.com\/kikuyu-suite\/#primaryimage"},"thumbnailUrl":"https:\/\/bakuba-lodge.com\/wp-content\/uploads\/2025\/12\/kik-1.jpeg","datePublished":"2025-12-22T12:42:33+00:00","dateModified":"2025-12-23T06:54:22+00:00","description":"Ankilibe. H\u00e9bergement paisible et confort, la Suite UELE Bakuba Lodge, avec vue jardin et mer, b\u00e9n\u00e9ficie d\u2019une d\u00e9coration sobre et naturelle, un havre de paix !","breadcrumb":{"@id":"https:\/\/bakuba-lodge.com\/kikuyu-suite\/#breadcrumb"},"inLanguage":"fr-FR","potentialAction":[{"@type":"ReadAction","target":["https:\/\/bakuba-lodge.com\/kikuyu-suite\/"]}]},{"@type":"ImageObject","inLanguage":"fr-FR","@id":"https:\/\/bakuba-lodge.com\/kikuyu-suite\/#primaryimage","url":"https:\/\/bakuba-lodge.com\/wp-content\/uploads\/2025\/12\/kik-1.jpeg","contentUrl":"https:\/\/bakuba-lodge.com\/wp-content\/uploads\/2025\/12\/kik-1.jpeg"},{"@type":"BreadcrumbList","@id":"https:\/\/bakuba-lodge.com\/kikuyu-suite\/#breadcrumb","itemListElement":[{"@type":"ListItem","position":1,"name":"Home","item":"https:\/\/bakuba-lodge.com\/"},{"@type":"ListItem","position":2,"name":"Kikuyu Suite"}]},{"@type":"WebSite","@id":"https:\/\/bakuba-lodge.com\/fr\/#website","url":"https:\/\/bakuba-lodge.com\/fr\/","name":"Bakuba Lodge","description":"Bakuba Lodge","publisher":{"@id":"https:\/\/bakuba-lodge.com\/fr\/#organization"},"potentialAction":[{"@type":"SearchAction","target":{"@type":"EntryPoint","urlTemplate":"https:\/\/bakuba-lodge.com\/fr\/?s={search_term_string}"},"query-input":{"@type":"PropertyValueSpecification","valueRequired":true,"valueName":"search_term_string"}}],"inLanguage":"fr-FR"},{"@type":"Organization","@id":"https:\/\/bakuba-lodge.com\/fr\/#organization","name":"Bakuba Lodge","url":"https:\/\/bakuba-lodge.com\/fr\/","logo":{"@type":"ImageObject","inLanguage":"fr-FR","@id":"https:\/\/bakuba-lodge.com\/fr\/#\/schema\/logo\/image\/","url":"https:\/\/bakuba-lodge.com\/wp-content\/uploads\/2024\/03\/cropped-logo-3-bk-01.png","contentUrl":"https:\/\/bakuba-lodge.com\/wp-content\/uploads\/2024\/03\/cropped-logo-3-bk-01.png","width":570,"height":190,"caption":"Bakuba Lodge"},"image":{"@id":"https:\/\/bakuba-lodge.com\/fr\/#\/schema\/logo\/image\/"},"sameAs":["https:\/\/web.facebook.com\/bakubalodge?_rdc=1&_rdr","https:\/\/www.instagram.com\/Bakuba_concept_Lodge\/","https:\/\/www.tripadvisor.com\/Hotel_Review-g1826204-d4269268-Reviews-Bakuba_Lodge-Toliara_Toliara_Province.html"]}]}},"_links":{"self":[{"href":"https:\/\/bakuba-lodge.com\/fr\/wp-json\/wp\/v2\/pages\/5719","targetHints":{"allow":["GET"]}}],"collection":[{"href":"https:\/\/bakuba-lodge.com\/fr\/wp-json\/wp\/v2\/pages"}],"about":[{"href":"https:\/\/bakuba-lodge.com\/fr\/wp-json\/wp\/v2\/types\/page"}],"author":[{"embeddable":true,"href":"https:\/\/bakuba-lodge.com\/fr\/wp-json\/wp\/v2\/users\/1"}],"replies":[{"embeddable":true,"href":"https:\/\/bakuba-lodge.com\/fr\/wp-json\/wp\/v2\/comments?post=5719"}],"version-history":[{"count":43,"href":"https:\/\/bakuba-lodge.com\/fr\/wp-json\/wp\/v2\/pages\/5719\/revisions"}],"predecessor-version":[{"id":5779,"href":"https:\/\/bakuba-lodge.com\/fr\/wp-json\/wp\/v2\/pages\/5719\/revisions\/5779"}],"wp:attachment":[{"href":"https:\/\/bakuba-lodge.com\/fr\/wp-json\/wp\/v2\/media?parent=5719"}],"curies":[{"name":"wp","href":"https:\/\/api.w.org\/{rel}","templated":true}]}}