{"id":5349,"date":"2025-07-21T09:51:02","date_gmt":"2025-07-21T06:51:02","guid":{"rendered":"https:\/\/bakuba-lodge.com\/?page_id=5349"},"modified":"2025-08-22T09:31:44","modified_gmt":"2025-08-22T06:31:44","slug":"wellness","status":"publish","type":"page","link":"https:\/\/bakuba-lodge.com\/fr\/wellness\/","title":{"rendered":"Bien-\u00eatre"},"content":{"rendered":"<div data-elementor-type=\"wp-page\" data-elementor-id=\"5349\" class=\"elementor elementor-5349\" data-elementor-settings=\"{&quot;ha_cmc_init_switcher&quot;:&quot;no&quot;}\">\n\t\t\t\t\t\t<section class=\"elementor-section elementor-top-section elementor-element elementor-element-6a1acee3 elementor-section-stretched elementor-section-boxed elementor-section-height-default elementor-section-height-default\" data-id=\"6a1acee3\" data-element_type=\"section\" data-settings=\"{&quot;stretch_section&quot;:&quot;section-stretched&quot;,&quot;background_background&quot;:&quot;classic&quot;,&quot;shape_divider_bottom&quot;:&quot;wave-brush&quot;,&quot;_ha_eqh_enable&quot;:false}\">\n\t\t\t\t\t<div class=\"elementor-shape elementor-shape-bottom\" aria-hidden=\"true\" data-negative=\"false\">\n\t\t\t<svg xmlns=\"http:\/\/www.w3.org\/2000\/svg\" viewbox=\"0 0 283.5 27.8\" preserveaspectratio=\"none\">\n\t<path class=\"elementor-shape-fill\" d=\"M283.5,9.7c0,0-7.3,4.3-14,4.6c-6.8,0.3-12.6,0-20.9-1.5c-11.3-2-33.1-10.1-44.7-5.7\ts-12.1,4.6-18,7.4c-6.6,3.2-20,9.6-36.6,9.3C131.6,23.5,99.5,7.2,86.3,8c-1.4,0.1-6.6,0.8-10.5,2c-3.8,1.2-9.4,3.8-17,4.7\tc-3.2,0.4-8.3,1.1-14.2,0.9c-1.5-0.1-6.3-0.4-12-1.6c-5.7-1.2-11-3.1-15.8-3.7C6.5,9.2,0,10.8,0,10.8V0h283.5V9.7z M260.8,11.3\tc-0.7-1-2-0.4-4.3-0.4c-2.3,0-6.1-1.2-5.8-1.1c0.3,0.1,3.1,1.5,6,1.9C259.7,12.2,261.4,12.3,260.8,11.3z M242.4,8.6\tc0,0-2.4-0.2-5.6-0.9c-3.2-0.8-10.3-2.8-15.1-3.5c-8.2-1.1-15.8,0-15.1,0.1c0.8,0.1,9.6-0.6,17.6,1.1c3.3,0.7,9.3,2.2,12.4,2.7\tC239.9,8.7,242.4,8.6,242.4,8.6z M185.2,8.5c1.7-0.7-13.3,4.7-18.5,6.1c-2.1,0.6-6.2,1.6-10,2c-3.9,0.4-8.9,0.4-8.8,0.5\tc0,0.2,5.8,0.8,11.2,0c5.4-0.8,5.2-1.1,7.6-1.6C170.5,14.7,183.5,9.2,185.2,8.5z M199.1,6.9c0.2,0-0.8-0.4-4.8,1.1\tc-4,1.5-6.7,3.5-6.9,3.7c-0.2,0.1,3.5-1.8,6.6-3C197,7.5,199,6.9,199.1,6.9z M283,6c-0.1,0.1-1.9,1.1-4.8,2.5s-6.9,2.8-6.7,2.7\tc0.2,0,3.5-0.6,7.4-2.5C282.8,6.8,283.1,5.9,283,6z M31.3,11.6c0.1-0.2-1.9-0.2-4.5-1.2s-5.4-1.6-7.8-2C15,7.6,7.3,8.5,7.7,8.6\tC8,8.7,15.9,8.3,20.2,9.3c2.2,0.5,2.4,0.5,5.7,1.6S31.2,11.9,31.3,11.6z M73,9.2c0.4-0.1,3.5-1.6,8.4-2.6c4.9-1.1,8.9-0.5,8.9-0.8\tc0-0.3-1-0.9-6.2-0.3S72.6,9.3,73,9.2z M71.6,6.7C71.8,6.8,75,5.4,77.3,5c2.3-0.3,1.9-0.5,1.9-0.6c0-0.1-1.1-0.2-2.7,0.2\tC74.8,5.1,71.4,6.6,71.6,6.7z M93.6,4.4c0.1,0.2,3.5,0.8,5.6,1.8c2.1,1,1.8,0.6,1.9,0.5c0.1-0.1-0.8-0.8-2.4-1.3\tC97.1,4.8,93.5,4.2,93.6,4.4z M65.4,11.1c-0.1,0.3,0.3,0.5,1.9-0.2s2.6-1.3,2.2-1.2s-0.9,0.4-2.5,0.8C65.3,10.9,65.5,10.8,65.4,11.1\tz M34.5,12.4c-0.2,0,2.1,0.8,3.3,0.9c1.2,0.1,2,0.1,2-0.2c0-0.3-0.1-0.5-1.6-0.4C36.6,12.8,34.7,12.4,34.5,12.4z M152.2,21.1\tc-0.1,0.1-2.4-0.3-7.5-0.3c-5,0-13.6-2.4-17.2-3.5c-3.6-1.1,10,3.9,16.5,4.1C150.5,21.6,152.3,21,152.2,21.1z\"\/>\n\t<path class=\"elementor-shape-fill\" d=\"M269.6,18c-0.1-0.1-4.6,0.3-7.2,0c-7.3-0.7-17-3.2-16.6-2.9c0.4,0.3,13.7,3.1,17,3.3\tC267.7,18.8,269.7,18,269.6,18z\"\/>\n\t<path class=\"elementor-shape-fill\" d=\"M227.4,9.8c-0.2-0.1-4.5-1-9.5-1.2c-5-0.2-12.7,0.6-12.3,0.5c0.3-0.1,5.9-1.8,13.3-1.2\tS227.6,9.9,227.4,9.8z\"\/>\n\t<path class=\"elementor-shape-fill\" d=\"M204.5,13.4c-0.1-0.1,2-1,3.2-1.1c1.2-0.1,2,0,2,0.3c0,0.3-0.1,0.5-1.6,0.4\tC206.4,12.9,204.6,13.5,204.5,13.4z\"\/>\n\t<path class=\"elementor-shape-fill\" d=\"M201,10.6c0-0.1-4.4,1.2-6.3,2.2c-1.9,0.9-6.2,3.1-6.1,3.1c0.1,0.1,4.2-1.6,6.3-2.6\tS201,10.7,201,10.6z\"\/>\n\t<path class=\"elementor-shape-fill\" d=\"M154.5,26.7c-0.1-0.1-4.6,0.3-7.2,0c-7.3-0.7-17-3.2-16.6-2.9c0.4,0.3,13.7,3.1,17,3.3\tC152.6,27.5,154.6,26.8,154.5,26.7z\"\/>\n\t<path class=\"elementor-shape-fill\" d=\"M41.9,19.3c0,0,1.2-0.3,2.9-0.1c1.7,0.2,5.8,0.9,8.2,0.7c4.2-0.4,7.4-2.7,7-2.6\tc-0.4,0-4.3,2.2-8.6,1.9c-1.8-0.1-5.1-0.5-6.7-0.4S41.9,19.3,41.9,19.3z\"\/>\n\t<path class=\"elementor-shape-fill\" d=\"M75.5,12.6c0.2,0.1,2-0.8,4.3-1.1c2.3-0.2,2.1-0.3,2.1-0.5c0-0.1-1.8-0.4-3.4,0\tC76.9,11.5,75.3,12.5,75.5,12.6z\"\/>\n\t<path class=\"elementor-shape-fill\" d=\"M15.6,13.2c0-0.1,4.3,0,6.7,0.5c2.4,0.5,5,1.9,5,2c0,0.1-2.7-0.8-5.1-1.4\tC19.9,13.7,15.7,13.3,15.6,13.2z\"\/>\n<\/svg>\t\t<\/div>\n\t\t\t\t\t<div class=\"elementor-container elementor-column-gap-default\">\n\t\t\t\t\t<div class=\"elementor-column elementor-col-50 elementor-top-column elementor-element elementor-element-47fcd293\" data-id=\"47fcd293\" data-element_type=\"column\">\n\t\t\t<div class=\"elementor-widget-wrap elementor-element-populated\">\n\t\t\t\t\t\t<div class=\"elementor-element elementor-element-c519885 elementor-widget elementor-widget-cs_title\" data-id=\"c519885\" data-element_type=\"widget\" data-widget_type=\"cs_title.default\">\n\t\t\t\t<div class=\"elementor-widget-container\">\n\t\t\t\t\t\n        <div class=\"cs-title-wrap text-center\">\t            <h4 class=\"cs-title\">\n\t                Bien-\u00eatre\t            <\/h4>        <\/div>\t\t\t\t<\/div>\n\t\t\t\t<\/div>\n\t\t\t\t\t<\/div>\n\t\t<\/div>\n\t\t\t\t<div class=\"elementor-column elementor-col-50 elementor-top-column elementor-element elementor-element-7f92500\" data-id=\"7f92500\" data-element_type=\"column\">\n\t\t\t<div class=\"elementor-widget-wrap elementor-element-populated\">\n\t\t\t\t\t\t<div class=\"elementor-element elementor-element-3180b14 elementor-widget elementor-widget-heading\" data-id=\"3180b14\" data-element_type=\"widget\" data-widget_type=\"heading.default\">\n\t\t\t\t<div class=\"elementor-widget-container\">\n\t\t\t\t\t<h2 class=\"elementor-heading-title elementor-size-default\">Aujourd\u2019hui, nous souhaitons aller encore plus loin en enrichissant votre s\u00e9jour d\u2019activit\u00e9s bien-\u00eatre pens\u00e9es pour renforcer votre paix int\u00e9rieure et votre \u00e9quilibre.\n<\/h2>\t\t\t\t<\/div>\n\t\t\t\t<\/div>\n\t\t\t\t<div class=\"elementor-element elementor-element-e8b6f62 elementor-widget elementor-widget-text-editor\" data-id=\"e8b6f62\" data-element_type=\"widget\" data-widget_type=\"text-editor.default\">\n\t\t\t\t<div class=\"elementor-widget-container\">\n\t\t\t\t\t\t\t\t\t<p>Au Bakuba Lodge, le bien-\u00eatre a toujours \u00e9t\u00e9 au c\u0153ur de notre vision, que ce soit \u00e0 travers notre architecture inspirante, nos choix culinaires soign\u00e9s, et l\u2019espace que nous pr\u00e9servons pour chacun.<\/p>\t\t\t\t\t\t\t\t<\/div>\n\t\t\t\t<\/div>\n\t\t\t\t\t<\/div>\n\t\t<\/div>\n\t\t\t\t\t<\/div>\n\t\t<\/section>\n\t\t\t\t<section class=\"elementor-section elementor-top-section elementor-element elementor-element-5f3c70aa elementor-section-height-min-height elementor-section-content-middle elementor-section-boxed elementor-section-height-default elementor-section-items-middle\" data-id=\"5f3c70aa\" data-element_type=\"section\" data-settings=\"{&quot;background_background&quot;:&quot;classic&quot;,&quot;_ha_eqh_enable&quot;:false}\">\n\t\t\t\t\t\t\t<div class=\"elementor-background-overlay\"><\/div>\n\t\t\t\t\t\t\t<div class=\"elementor-container elementor-column-gap-default\">\n\t\t\t\t\t<div class=\"elementor-column elementor-col-100 elementor-top-column elementor-element elementor-element-526e0880\" data-id=\"526e0880\" data-element_type=\"column\">\n\t\t\t<div class=\"elementor-widget-wrap elementor-element-populated\">\n\t\t\t\t\t\t<div class=\"elementor-element elementor-element-4722face elementor-widget elementor-widget-heading\" data-id=\"4722face\" data-element_type=\"widget\" data-widget_type=\"heading.default\">\n\t\t\t\t<div class=\"elementor-widget-container\">\n\t\t\t\t\t<h3 class=\"elementor-heading-title elementor-size-default\">Nos activit\u00e9s Bien-\u00eatre<\/h3>\t\t\t\t<\/div>\n\t\t\t\t<\/div>\n\t\t\t\t\t<\/div>\n\t\t<\/div>\n\t\t\t\t\t<\/div>\n\t\t<\/section>\n\t\t\t\t<section class=\"elementor-section elementor-top-section elementor-element elementor-element-891cbdb elementor-section-height-min-height elementor-section-content-middle elementor-section-boxed elementor-section-height-default elementor-section-items-middle\" data-id=\"891cbdb\" data-element_type=\"section\" data-settings=\"{&quot;background_background&quot;:&quot;classic&quot;,&quot;_ha_eqh_enable&quot;:false}\">\n\t\t\t\t\t\t\t<div class=\"elementor-background-overlay\"><\/div>\n\t\t\t\t\t\t\t<div class=\"elementor-container elementor-column-gap-default\">\n\t\t\t\t\t<div class=\"elementor-column elementor-col-50 elementor-top-column elementor-element elementor-element-0de22da\" data-id=\"0de22da\" data-element_type=\"column\">\n\t\t\t<div class=\"elementor-widget-wrap elementor-element-populated\">\n\t\t\t\t\t\t<div class=\"elementor-element elementor-element-dc2a600 ekit-equal-height-enable section02 elementor-widget elementor-widget-elementskit-image-box\" data-id=\"dc2a600\" data-element_type=\"widget\" data-widget_type=\"elementskit-image-box.default\">\n\t\t\t\t<div class=\"elementor-widget-container\">\n\t\t\t\t\t<div class=\"ekit-wid-con\" >\n            <div class=\"elementskit-info-image-box ekit-image-box text-left simple-card\" >\n\n                \n                <div class=\"elementskit-box-header image-box-img-left\">\n\n                    <img fetchpriority=\"high\" decoding=\"async\" width=\"1025\" height=\"800\" src=\"https:\/\/bakuba-lodge.com\/wp-content\/uploads\/2025\/07\/Untitled-design-7.png\" class=\"attachment-1536x1536 size-1536x1536 wp-image-5458\" alt=\"Tamazcal\" srcset=\"https:\/\/bakuba-lodge.com\/wp-content\/uploads\/2025\/07\/Untitled-design-7.png 1025w, https:\/\/bakuba-lodge.com\/wp-content\/uploads\/2025\/07\/Untitled-design-7-300x234.png 300w, https:\/\/bakuba-lodge.com\/wp-content\/uploads\/2025\/07\/Untitled-design-7-768x599.png 768w, https:\/\/bakuba-lodge.com\/wp-content\/uploads\/2025\/07\/Untitled-design-7-15x12.png 15w, https:\/\/bakuba-lodge.com\/wp-content\/uploads\/2025\/07\/Untitled-design-7-780x609.png 780w, https:\/\/bakuba-lodge.com\/wp-content\/uploads\/2025\/07\/Untitled-design-7-600x468.png 600w, https:\/\/bakuba-lodge.com\/wp-content\/uploads\/2025\/07\/Untitled-design-7-550x429.png 550w, https:\/\/bakuba-lodge.com\/wp-content\/uploads\/2025\/07\/Untitled-design-7-370x289.png 370w, https:\/\/bakuba-lodge.com\/wp-content\/uploads\/2025\/07\/Untitled-design-7-255x199.png 255w\" sizes=\"(max-width: 1025px) 100vw, 1025px\" \/>\n                <\/div>\n                \n                <div class=\"elementskit-box-body ekit-image-box-body\">\n                    <div class=\"elementskit-box-content ekit-image-box-body-inner\">\n                                                <h3 class=\"elementskit-info-box-title\">\n\n                        Temazcal\n                        \n                    <\/h3>\n                                                            <div class=\"elementskit-box-style-content\">\n                        Le temazcal est un rituel ancestral de purification d\u2019origine m\u00e9soam\u00e9ricaine, notamment pratiqu\u00e9 chez les peuples autochtones du Mexique et d\u2019Am\u00e9rique centrale.\nLe mot vient du nahuatl temazcalli, qui signifie \u201cmaison de chaleur\u201d. Il s\u2019agit d\u2019un bain de vapeur r\u00e9alis\u00e9 dans une petite hutte en forme de d\u00f4me, symbolisant le ventre de la Terre M\u00e8re.\nDes pierres volcaniques chauff\u00e9es sont plac\u00e9es au centre, puis de l\u2019eau m\u00e9lang\u00e9e \u00e0 des plantes m\u00e9dicinales y est vers\u00e9e pour cr\u00e9er de la vapeur. Le temazcal vise \u00e0 purifier le corps, l\u2019esprit et les \u00e9motions, \u00e0 travers la chaleur, la transpiration, le silence, souvent guid\u00e9s par un chamane ou un guide.\nC\u2019est un moment de renouveau, d\u2019introspection et de gu\u00e9rison, aussi bien physique que spirituel.\n<br>\n<br>\n<br>\n<strong>Disponible tous les jours \u00e0 partir de 16H30 <br><\/strong>                    <\/div>\n                                    <\/div>\n\n                            <\/div>\n            <\/div>\n    <\/div>\t\t\t\t<\/div>\n\t\t\t\t<\/div>\n\t\t\t\t\t<\/div>\n\t\t<\/div>\n\t\t\t\t<div class=\"elementor-column elementor-col-50 elementor-top-column elementor-element elementor-element-95b0cf8\" data-id=\"95b0cf8\" data-element_type=\"column\">\n\t\t\t<div class=\"elementor-widget-wrap elementor-element-populated\">\n\t\t\t\t\t\t<div class=\"elementor-element elementor-element-6e937f4 ekit-equal-height-enable section02 elementor-widget elementor-widget-elementskit-image-box\" data-id=\"6e937f4\" data-element_type=\"widget\" data-widget_type=\"elementskit-image-box.default\">\n\t\t\t\t<div class=\"elementor-widget-container\">\n\t\t\t\t\t<div class=\"ekit-wid-con\" >\n            <div class=\"elementskit-info-image-box ekit-image-box text-left simple-card\" >\n\n                \n                <div class=\"elementskit-box-header image-box-img-left\">\n\n                    <img decoding=\"async\" width=\"1025\" height=\"800\" src=\"https:\/\/bakuba-lodge.com\/wp-content\/uploads\/2025\/07\/Untitled-design-5.png\" class=\"attachment-1536x1536 size-1536x1536 wp-image-5453\" alt=\"Massage Holistique\" srcset=\"https:\/\/bakuba-lodge.com\/wp-content\/uploads\/2025\/07\/Untitled-design-5.png 1025w, https:\/\/bakuba-lodge.com\/wp-content\/uploads\/2025\/07\/Untitled-design-5-300x234.png 300w, https:\/\/bakuba-lodge.com\/wp-content\/uploads\/2025\/07\/Untitled-design-5-768x599.png 768w, https:\/\/bakuba-lodge.com\/wp-content\/uploads\/2025\/07\/Untitled-design-5-15x12.png 15w, https:\/\/bakuba-lodge.com\/wp-content\/uploads\/2025\/07\/Untitled-design-5-780x609.png 780w, https:\/\/bakuba-lodge.com\/wp-content\/uploads\/2025\/07\/Untitled-design-5-600x468.png 600w, https:\/\/bakuba-lodge.com\/wp-content\/uploads\/2025\/07\/Untitled-design-5-550x429.png 550w, https:\/\/bakuba-lodge.com\/wp-content\/uploads\/2025\/07\/Untitled-design-5-370x289.png 370w, https:\/\/bakuba-lodge.com\/wp-content\/uploads\/2025\/07\/Untitled-design-5-255x199.png 255w\" sizes=\"(max-width: 1025px) 100vw, 1025px\" \/>\n                <\/div>\n                \n                <div class=\"elementskit-box-body ekit-image-box-body\">\n                    <div class=\"elementskit-box-content ekit-image-box-body-inner\">\n                                                <h3 class=\"elementskit-info-box-title\">\n\n                        Massage \u2013 Harmonie du corps et de l\u2019esprit\n                        \n                    <\/h3>\n                                                            <div class=\"elementskit-box-style-content\">\n                        Lors de votre s\u00e9jour, profitez de notre service de massage pour vous offrir une pause d\u00e9tente et savourer pleinement chaque instant.\n<br>\nNos praticiennes exp\u00e9riment\u00e9es vous accompagneront pour rel\u00e2cher les tensions et retrouver \u00e9nergie et s\u00e9r\u00e9nit\u00e9.<br>\nUn moment de bien-\u00eatre tout en douceur, dans une atmosph\u00e8re paisible et apaisante.\n<br><br><br><br><br>\n                    <\/div>\n                                    <\/div>\n\n                            <\/div>\n            <\/div>\n    <\/div>\t\t\t\t<\/div>\n\t\t\t\t<\/div>\n\t\t\t\t\t<\/div>\n\t\t<\/div>\n\t\t\t\t\t<\/div>\n\t\t<\/section>\n\t\t\t\t<\/div>","protected":false},"excerpt":{"rendered":"<p>Wellness Today, we invite you to deepen this experience with our carefully crafted wellness offerings, designed to nurture you inner peace and restore perfect balance to body, mind, and spirit. At Bakuba Lodge, well-being has always been the essence of our philosophy &#8212; woven into our inspiring architecture, thoughtfully curated cuisine, and the tranquil sanctuary &#8230;<\/p>","protected":false},"author":1,"featured_media":0,"parent":0,"menu_order":0,"comment_status":"closed","ping_status":"closed","template":"elementor_header_footer","meta":{"cozystay_single_page_hide_site_header":"","cozystay_single_page_site_header_source":"","cozystay_single_page_custom_site_header":"0","cozystay_single_page_custom_sticky_site_header":"0","cozystay_single_page_hide_page_title":"","cozystay_single_page_header_section_size":"","cozystay_single_page_header_background_color":"","cozystay_single_page_header_background_position_x":"center","cozystay_single_page_header_background_position_y":"center","cozystay_single_page_header_background_size":"cover","cozystay_single_page_header_background_repeat":"off","cozystay_single_page_header_background_scroll":"on","cozystay_single_page_header_text_color":"","cozystay_single_page_header_show_breadcrumb":"","cozystay_single_page_site_footer_hide_main":"","cozystay_single_custom_site_footer_main_source":"","cozystay_single_custom_site_footer_main":"0","cozystay_single_page_site_footer_hide_above":"","cozystay_single_custom_site_footer_above_source":"","cozystay_single_custom_site_footer_above":"0","cozystay_single_page_site_footer_hide_instagram":"","cozystay_single_page_site_footer_hide_bottom":"","cozystay_single_custom_mobile_menu_source":"","cozystay_single_custom_mobile_menu":"0","cozystay_single_custom_mobile_menu_animation":"","cozystay_single_custom_mobile_menu_width":"","cozystay_single_custom_mobile_menu_custom_width":375,"footnotes":""},"class_list":["post-5349","page","type-page","status-publish","hentry"],"yoast_head":"<!-- This site is optimized with the Yoast SEO plugin v26.6 - https:\/\/yoast.com\/wordpress\/plugins\/seo\/ -->\n<title>Wellness - Bakuba Lodge<\/title>\n<meta name=\"description\" content=\"Ankilibe (Toliara), une atmosph\u00e8re exclusive, piscine, massages, excursions, l\u00e9muriens, baleines \u00e0 bosse, baobabs, arboretum d\u2019Antsokay : UNE d\u00e9couverte nature.\" \/>\n<meta name=\"robots\" content=\"index, follow, max-snippet:-1, max-image-preview:large, max-video-preview:-1\" \/>\n<link rel=\"canonical\" href=\"https:\/\/bakuba-lodge.com\/fr\/wellness\/\" \/>\n<meta property=\"og:locale\" content=\"fr_FR\" \/>\n<meta property=\"og:type\" content=\"article\" \/>\n<meta property=\"og:title\" content=\"Wellness - Bakuba Lodge\" \/>\n<meta property=\"og:description\" content=\"Ankilibe (Toliara), une atmosph\u00e8re exclusive, piscine, massages, excursions, l\u00e9muriens, baleines \u00e0 bosse, baobabs, arboretum d\u2019Antsokay : UNE d\u00e9couverte nature.\" \/>\n<meta property=\"og:url\" content=\"https:\/\/bakuba-lodge.com\/fr\/wellness\/\" \/>\n<meta property=\"og:site_name\" content=\"Bakuba Lodge\" \/>\n<meta property=\"article:publisher\" content=\"https:\/\/web.facebook.com\/bakubalodge?_rdc=1&amp;_rdr\" \/>\n<meta property=\"article:modified_time\" content=\"2025-08-22T06:31:44+00:00\" \/>\n<meta property=\"og:image\" content=\"https:\/\/bakuba-lodge.com\/wp-content\/uploads\/2025\/07\/Untitled-design-7.png\" \/>\n\t<meta property=\"og:image:width\" content=\"1025\" \/>\n\t<meta property=\"og:image:height\" content=\"800\" \/>\n\t<meta property=\"og:image:type\" content=\"image\/png\" \/>\n<meta name=\"twitter:card\" content=\"summary_large_image\" \/>\n<meta name=\"twitter:label1\" content=\"Dur\u00e9e de lecture estim\u00e9e\" \/>\n\t<meta name=\"twitter:data1\" content=\"2 minutes\" \/>\n<script type=\"application\/ld+json\" class=\"yoast-schema-graph\">{\"@context\":\"https:\/\/schema.org\",\"@graph\":[{\"@type\":\"WebPage\",\"@id\":\"https:\/\/bakuba-lodge.com\/wellness\/\",\"url\":\"https:\/\/bakuba-lodge.com\/wellness\/\",\"name\":\"Wellness - Bakuba Lodge\",\"isPartOf\":{\"@id\":\"https:\/\/bakuba-lodge.com\/fr\/#website\"},\"primaryImageOfPage\":{\"@id\":\"https:\/\/bakuba-lodge.com\/wellness\/#primaryimage\"},\"image\":{\"@id\":\"https:\/\/bakuba-lodge.com\/wellness\/#primaryimage\"},\"thumbnailUrl\":\"https:\/\/bakuba-lodge.com\/wp-content\/uploads\/2025\/07\/Untitled-design-7.png\",\"datePublished\":\"2025-07-21T06:51:02+00:00\",\"dateModified\":\"2025-08-22T06:31:44+00:00\",\"description\":\"Ankilibe (Toliara), une atmosph\u00e8re exclusive, piscine, massages, excursions, l\u00e9muriens, baleines \u00e0 bosse, baobabs, arboretum d\u2019Antsokay : UNE d\u00e9couverte nature.\",\"breadcrumb\":{\"@id\":\"https:\/\/bakuba-lodge.com\/wellness\/#breadcrumb\"},\"inLanguage\":\"fr-FR\",\"potentialAction\":[{\"@type\":\"ReadAction\",\"target\":[\"https:\/\/bakuba-lodge.com\/wellness\/\"]}]},{\"@type\":\"ImageObject\",\"inLanguage\":\"fr-FR\",\"@id\":\"https:\/\/bakuba-lodge.com\/wellness\/#primaryimage\",\"url\":\"https:\/\/bakuba-lodge.com\/wp-content\/uploads\/2025\/07\/Untitled-design-7.png\",\"contentUrl\":\"https:\/\/bakuba-lodge.com\/wp-content\/uploads\/2025\/07\/Untitled-design-7.png\"},{\"@type\":\"BreadcrumbList\",\"@id\":\"https:\/\/bakuba-lodge.com\/wellness\/#breadcrumb\",\"itemListElement\":[{\"@type\":\"ListItem\",\"position\":1,\"name\":\"Home\",\"item\":\"https:\/\/bakuba-lodge.com\/\"},{\"@type\":\"ListItem\",\"position\":2,\"name\":\"Wellness\"}]},{\"@type\":\"WebSite\",\"@id\":\"https:\/\/bakuba-lodge.com\/fr\/#website\",\"url\":\"https:\/\/bakuba-lodge.com\/fr\/\",\"name\":\"Bakuba Lodge\",\"description\":\"Bakuba Lodge\",\"publisher\":{\"@id\":\"https:\/\/bakuba-lodge.com\/fr\/#organization\"},\"potentialAction\":[{\"@type\":\"SearchAction\",\"target\":{\"@type\":\"EntryPoint\",\"urlTemplate\":\"https:\/\/bakuba-lodge.com\/fr\/?s={search_term_string}\"},\"query-input\":{\"@type\":\"PropertyValueSpecification\",\"valueRequired\":true,\"valueName\":\"search_term_string\"}}],\"inLanguage\":\"fr-FR\"},{\"@type\":\"Organization\",\"@id\":\"https:\/\/bakuba-lodge.com\/fr\/#organization\",\"name\":\"Bakuba Lodge\",\"url\":\"https:\/\/bakuba-lodge.com\/fr\/\",\"logo\":{\"@type\":\"ImageObject\",\"inLanguage\":\"fr-FR\",\"@id\":\"https:\/\/bakuba-lodge.com\/fr\/#\/schema\/logo\/image\/\",\"url\":\"https:\/\/bakuba-lodge.com\/wp-content\/uploads\/2024\/03\/cropped-logo-3-bk-01.png\",\"contentUrl\":\"https:\/\/bakuba-lodge.com\/wp-content\/uploads\/2024\/03\/cropped-logo-3-bk-01.png\",\"width\":570,\"height\":190,\"caption\":\"Bakuba Lodge\"},\"image\":{\"@id\":\"https:\/\/bakuba-lodge.com\/fr\/#\/schema\/logo\/image\/\"},\"sameAs\":[\"https:\/\/web.facebook.com\/bakubalodge?_rdc=1&_rdr\",\"https:\/\/www.instagram.com\/Bakuba_concept_Lodge\/\",\"https:\/\/www.tripadvisor.com\/Hotel_Review-g1826204-d4269268-Reviews-Bakuba_Lodge-Toliara_Toliara_Province.html\"]}]}<\/script>\n<!-- \/ Yoast SEO plugin. -->","yoast_head_json":{"title":"Wellness - Bakuba Lodge","description":"Ankilibe (Toliara), une atmosph\u00e8re exclusive, piscine, massages, excursions, l\u00e9muriens, baleines \u00e0 bosse, baobabs, arboretum d\u2019Antsokay : UNE d\u00e9couverte nature.","robots":{"index":"index","follow":"follow","max-snippet":"max-snippet:-1","max-image-preview":"max-image-preview:large","max-video-preview":"max-video-preview:-1"},"canonical":"https:\/\/bakuba-lodge.com\/fr\/wellness\/","og_locale":"fr_FR","og_type":"article","og_title":"Wellness - Bakuba Lodge","og_description":"Ankilibe (Toliara), une atmosph\u00e8re exclusive, piscine, massages, excursions, l\u00e9muriens, baleines \u00e0 bosse, baobabs, arboretum d\u2019Antsokay : UNE d\u00e9couverte nature.","og_url":"https:\/\/bakuba-lodge.com\/fr\/wellness\/","og_site_name":"Bakuba Lodge","article_publisher":"https:\/\/web.facebook.com\/bakubalodge?_rdc=1&_rdr","article_modified_time":"2025-08-22T06:31:44+00:00","og_image":[{"width":1025,"height":800,"url":"https:\/\/bakuba-lodge.com\/wp-content\/uploads\/2025\/07\/Untitled-design-7.png","type":"image\/png"}],"twitter_card":"summary_large_image","twitter_misc":{"Dur\u00e9e de lecture estim\u00e9e":"2 minutes"},"schema":{"@context":"https:\/\/schema.org","@graph":[{"@type":"WebPage","@id":"https:\/\/bakuba-lodge.com\/wellness\/","url":"https:\/\/bakuba-lodge.com\/wellness\/","name":"Wellness - Bakuba Lodge","isPartOf":{"@id":"https:\/\/bakuba-lodge.com\/fr\/#website"},"primaryImageOfPage":{"@id":"https:\/\/bakuba-lodge.com\/wellness\/#primaryimage"},"image":{"@id":"https:\/\/bakuba-lodge.com\/wellness\/#primaryimage"},"thumbnailUrl":"https:\/\/bakuba-lodge.com\/wp-content\/uploads\/2025\/07\/Untitled-design-7.png","datePublished":"2025-07-21T06:51:02+00:00","dateModified":"2025-08-22T06:31:44+00:00","description":"Ankilibe (Toliara), une atmosph\u00e8re exclusive, piscine, massages, excursions, l\u00e9muriens, baleines \u00e0 bosse, baobabs, arboretum d\u2019Antsokay : UNE d\u00e9couverte nature.","breadcrumb":{"@id":"https:\/\/bakuba-lodge.com\/wellness\/#breadcrumb"},"inLanguage":"fr-FR","potentialAction":[{"@type":"ReadAction","target":["https:\/\/bakuba-lodge.com\/wellness\/"]}]},{"@type":"ImageObject","inLanguage":"fr-FR","@id":"https:\/\/bakuba-lodge.com\/wellness\/#primaryimage","url":"https:\/\/bakuba-lodge.com\/wp-content\/uploads\/2025\/07\/Untitled-design-7.png","contentUrl":"https:\/\/bakuba-lodge.com\/wp-content\/uploads\/2025\/07\/Untitled-design-7.png"},{"@type":"BreadcrumbList","@id":"https:\/\/bakuba-lodge.com\/wellness\/#breadcrumb","itemListElement":[{"@type":"ListItem","position":1,"name":"Home","item":"https:\/\/bakuba-lodge.com\/"},{"@type":"ListItem","position":2,"name":"Wellness"}]},{"@type":"WebSite","@id":"https:\/\/bakuba-lodge.com\/fr\/#website","url":"https:\/\/bakuba-lodge.com\/fr\/","name":"Bakuba Lodge","description":"Bakuba Lodge","publisher":{"@id":"https:\/\/bakuba-lodge.com\/fr\/#organization"},"potentialAction":[{"@type":"SearchAction","target":{"@type":"EntryPoint","urlTemplate":"https:\/\/bakuba-lodge.com\/fr\/?s={search_term_string}"},"query-input":{"@type":"PropertyValueSpecification","valueRequired":true,"valueName":"search_term_string"}}],"inLanguage":"fr-FR"},{"@type":"Organization","@id":"https:\/\/bakuba-lodge.com\/fr\/#organization","name":"Bakuba Lodge","url":"https:\/\/bakuba-lodge.com\/fr\/","logo":{"@type":"ImageObject","inLanguage":"fr-FR","@id":"https:\/\/bakuba-lodge.com\/fr\/#\/schema\/logo\/image\/","url":"https:\/\/bakuba-lodge.com\/wp-content\/uploads\/2024\/03\/cropped-logo-3-bk-01.png","contentUrl":"https:\/\/bakuba-lodge.com\/wp-content\/uploads\/2024\/03\/cropped-logo-3-bk-01.png","width":570,"height":190,"caption":"Bakuba Lodge"},"image":{"@id":"https:\/\/bakuba-lodge.com\/fr\/#\/schema\/logo\/image\/"},"sameAs":["https:\/\/web.facebook.com\/bakubalodge?_rdc=1&_rdr","https:\/\/www.instagram.com\/Bakuba_concept_Lodge\/","https:\/\/www.tripadvisor.com\/Hotel_Review-g1826204-d4269268-Reviews-Bakuba_Lodge-Toliara_Toliara_Province.html"]}]}},"_links":{"self":[{"href":"https:\/\/bakuba-lodge.com\/fr\/wp-json\/wp\/v2\/pages\/5349","targetHints":{"allow":["GET"]}}],"collection":[{"href":"https:\/\/bakuba-lodge.com\/fr\/wp-json\/wp\/v2\/pages"}],"about":[{"href":"https:\/\/bakuba-lodge.com\/fr\/wp-json\/wp\/v2\/types\/page"}],"author":[{"embeddable":true,"href":"https:\/\/bakuba-lodge.com\/fr\/wp-json\/wp\/v2\/users\/1"}],"replies":[{"embeddable":true,"href":"https:\/\/bakuba-lodge.com\/fr\/wp-json\/wp\/v2\/comments?post=5349"}],"version-history":[{"count":141,"href":"https:\/\/bakuba-lodge.com\/fr\/wp-json\/wp\/v2\/pages\/5349\/revisions"}],"predecessor-version":[{"id":5716,"href":"https:\/\/bakuba-lodge.com\/fr\/wp-json\/wp\/v2\/pages\/5349\/revisions\/5716"}],"wp:attachment":[{"href":"https:\/\/bakuba-lodge.com\/fr\/wp-json\/wp\/v2\/media?parent=5349"}],"curies":[{"name":"wp","href":"https:\/\/api.w.org\/{rel}","templated":true}]}}