{"id":230,"date":"2023-03-25T04:00:07","date_gmt":"2023-03-25T04:00:07","guid":{"rendered":"https:\/\/cozystay.loftocean.com\/mountain-chalet\/?page_id=230"},"modified":"2024-04-05T09:42:23","modified_gmt":"2024-04-05T06:42:23","slug":"events-meetings","status":"publish","type":"page","link":"https:\/\/bakuba-lodge.com\/fr\/events-meetings\/","title":{"rendered":"Politiques De Confidentialit\u00e9"},"content":{"rendered":"<div data-elementor-type=\"wp-page\" data-elementor-id=\"230\" class=\"elementor elementor-230\" data-elementor-settings=\"{&quot;ha_cmc_init_switcher&quot;:&quot;no&quot;}\">\n\t\t\t\t\t\t<section class=\"elementor-section elementor-top-section elementor-element elementor-element-539f4230 elementor-section-height-min-height cs-section-content-fullwidth cs-parallax-on-scroll cs_scroll_y_80 elementor-section-boxed elementor-section-height-default elementor-section-items-middle\" data-id=\"539f4230\" data-element_type=\"section\" data-settings=\"{&quot;background_background&quot;:&quot;classic&quot;,&quot;_ha_eqh_enable&quot;:false}\" data-cs-parallax-y=\"80\" style=\"background-image: none;\" data-cs-background-image=\"http:\/\/demo01.mada-books.com\/wp-content\/uploads\/2024\/03\/WhatsApp-Image-2024-03-21-at-10.45.06.jpeg\">\n\t\t\t\t\t\t\t<div class=\"elementor-background-overlay\"><\/div>\n\t\t\t\t\t\t\t<div class=\"elementor-container elementor-column-gap-no\">\n\t\t\t\t\t<div class=\"elementor-column elementor-col-100 elementor-top-column elementor-element elementor-element-40286ea8 dark-color\" data-id=\"40286ea8\" data-element_type=\"column\">\n\t\t\t<div class=\"elementor-widget-wrap elementor-element-populated\">\n\t\t\t\t\t\t<div class=\"elementor-element elementor-element-12ab4dda elementor-widget elementor-widget-cs_title\" data-id=\"12ab4dda\" data-element_type=\"widget\" data-widget_type=\"cs_title.default\">\n\t\t\t\t<div class=\"elementor-widget-container\">\n\t\t\t\t\t\n        <div class=\"cs-title-wrap text-center\">\t            <h1 class=\"cs-title\">\n\t                Politique de cookies\t            <\/h1>        <\/div>\t\t\t\t<\/div>\n\t\t\t\t<\/div>\n\t\t\t\t\t<\/div>\n\t\t<\/div>\n\t\t\t\t\t<\/div>\n\t\t<\/section>\n\t\t<div class=\"elementor-element elementor-element-71e681f e-flex e-con-boxed e-con e-parent\" data-id=\"71e681f\" data-element_type=\"container\" data-settings=\"{&quot;_ha_eqh_enable&quot;:false}\">\n\t\t\t\t\t<div class=\"e-con-inner\">\n\t\t\t\t<div class=\"elementor-element elementor-element-a8e8822 elementor-widget elementor-widget-cs_title\" data-id=\"a8e8822\" data-element_type=\"widget\" data-widget_type=\"cs_title.default\">\n\t\t\t\t<div class=\"elementor-widget-container\">\n\t\t\t\t\t\n        <div class=\"cs-title-wrap text-center\">\t            <div class=\"cs-title-text\">\n\t                <p>Les cookies que nous utilisons nous permettent d'am\u00e9liorer notre site web et de vous offrir un service plus personnalis\u00e9.<\/p>\t            <\/div>        <\/div>\t\t\t\t<\/div>\n\t\t\t\t<\/div>\n\t\t\t\t\t<\/div>\n\t\t\t\t<\/div>\n\t\t\t\t<section class=\"elementor-section elementor-top-section elementor-element elementor-element-6d2cdeb elementor-section-boxed elementor-section-height-default elementor-section-height-default\" data-id=\"6d2cdeb\" data-element_type=\"section\" data-settings=\"{&quot;_ha_eqh_enable&quot;:false}\">\n\t\t\t\t\t\t<div class=\"elementor-container elementor-column-gap-default\">\n\t\t\t\t\t<div class=\"elementor-column elementor-col-100 elementor-top-column elementor-element elementor-element-c2592d1\" data-id=\"c2592d1\" data-element_type=\"column\">\n\t\t\t<div class=\"elementor-widget-wrap elementor-element-populated\">\n\t\t\t\t\t\t<section class=\"elementor-section elementor-inner-section elementor-element elementor-element-8afbb19 elementor-section-boxed elementor-section-height-default elementor-section-height-default\" data-id=\"8afbb19\" data-element_type=\"section\" data-settings=\"{&quot;_ha_eqh_enable&quot;:false}\">\n\t\t\t\t\t\t<div class=\"elementor-container elementor-column-gap-default\">\n\t\t\t\t\t<div class=\"elementor-column elementor-col-100 elementor-inner-column elementor-element elementor-element-52b898a\" data-id=\"52b898a\" data-element_type=\"column\">\n\t\t\t<div class=\"elementor-widget-wrap elementor-element-populated\">\n\t\t\t\t\t\t<div class=\"elementor-element elementor-element-74b5e95 elementor-widget elementor-widget-elementskit-faq\" data-id=\"74b5e95\" data-element_type=\"widget\" data-widget_type=\"elementskit-faq.default\">\n\t\t\t\t<div class=\"elementor-widget-container\">\n\t\t\t\t\t<div class=\"ekit-wid-con\" >\n                <div class=\"elementskit-single-faq elementor-repeater-item-ccb3fc9\">\n            <div class=\"elementskit-faq-header\">\n                <h2 class=\"elementskit-faq-title\">-\tQue sont les cookies ?<\/h2>\n            <\/div>\n            <div class=\"elementskit-faq-body\">\n                Les cookies sont des fichiers texte contenant de petites quantit\u00e9s d'informations t\u00e9l\u00e9charg\u00e9es sur votre appareil lorsque vous visitez notre site web.<br> Les cookies sont utiles car ils permettent \u00e0 un site web de reconna\u00eetre l'appareil d'un utilisateur. Il permet au site web de m\u00e9moriser vos actions et vos pr\u00e9f\u00e9rences (connexion, langue\u2026) sur une p\u00e9riode donn\u00e9e.<br> Vous n'avez donc pas \u00e0 les saisir \u00e0 chaque fois que vous revenez sur le site ou naviguez d'une page \u00e0 l'autre.            <\/div>\n        <\/div>\n                \n    <\/div>\t\t\t\t<\/div>\n\t\t\t\t<\/div>\n\t\t\t\t\t<\/div>\n\t\t<\/div>\n\t\t\t\t\t<\/div>\n\t\t<\/section>\n\t\t\t\t\t<\/div>\n\t\t<\/div>\n\t\t\t\t\t<\/div>\n\t\t<\/section>\n\t\t\t\t<section class=\"elementor-section elementor-top-section elementor-element elementor-element-37a1c2e elementor-section-boxed elementor-section-height-default elementor-section-height-default\" data-id=\"37a1c2e\" data-element_type=\"section\" data-settings=\"{&quot;_ha_eqh_enable&quot;:false}\">\n\t\t\t\t\t\t<div class=\"elementor-container elementor-column-gap-default\">\n\t\t\t\t\t<div class=\"elementor-column elementor-col-100 elementor-top-column elementor-element elementor-element-e3631f9\" data-id=\"e3631f9\" data-element_type=\"column\">\n\t\t\t<div class=\"elementor-widget-wrap elementor-element-populated\">\n\t\t\t\t\t\t<section class=\"elementor-section elementor-inner-section elementor-element elementor-element-727bb54 elementor-section-boxed elementor-section-height-default elementor-section-height-default\" data-id=\"727bb54\" data-element_type=\"section\" data-settings=\"{&quot;_ha_eqh_enable&quot;:false}\">\n\t\t\t\t\t\t<div class=\"elementor-container elementor-column-gap-default\">\n\t\t\t\t\t<div class=\"elementor-column elementor-col-100 elementor-inner-column elementor-element elementor-element-5073fd8\" data-id=\"5073fd8\" data-element_type=\"column\">\n\t\t\t<div class=\"elementor-widget-wrap elementor-element-populated\">\n\t\t\t\t\t\t<div class=\"elementor-element elementor-element-36578c2 elementor-widget elementor-widget-elementskit-faq\" data-id=\"36578c2\" data-element_type=\"widget\" data-widget_type=\"elementskit-faq.default\">\n\t\t\t\t<div class=\"elementor-widget-container\">\n\t\t\t\t\t<div class=\"ekit-wid-con\" >\n                <div class=\"elementskit-single-faq elementor-repeater-item-ccb3fc9\">\n            <div class=\"elementskit-faq-header\">\n                <h2 class=\"elementskit-faq-title\">-\tTypes de cookies<\/h2>\n            <\/div>\n            <div class=\"elementskit-faq-body\">\n                Les cookies strictement n\u00e9cessaires sont essentiels pour vous permettre de vous d\u00e9placer sur le site et d'utiliser ses fonctionnalit\u00e9s. Nous utilisons ces cookies pour permettre les acc\u00e8s aux services que l\u2019utilisateur a sp\u00e9cifiquement demand\u00e9s.<br>\nLes cookies de performance recueillent des informations sur la fa\u00e7on dont vous utilisez le site web. <br>\nLes cookies fonctionnels permettent de m\u00e9moriser vos choix pour am\u00e9liorer l'exp\u00e9rience de nos utilisateurs.<br>\nLes cookies publicitaires sont utilis\u00e9s pour proposer des publicit\u00e9s plus pertinentes selon votre int\u00e9r\u00eat, vos habitudes de navigation.            <\/div>\n        <\/div>\n                \n    <\/div>\t\t\t\t<\/div>\n\t\t\t\t<\/div>\n\t\t\t\t\t<\/div>\n\t\t<\/div>\n\t\t\t\t\t<\/div>\n\t\t<\/section>\n\t\t\t\t\t<\/div>\n\t\t<\/div>\n\t\t\t\t\t<\/div>\n\t\t<\/section>\n\t\t\t\t<section class=\"elementor-section elementor-top-section elementor-element elementor-element-eb4e50a elementor-section-boxed elementor-section-height-default elementor-section-height-default\" data-id=\"eb4e50a\" data-element_type=\"section\" data-settings=\"{&quot;_ha_eqh_enable&quot;:false}\">\n\t\t\t\t\t\t<div class=\"elementor-container elementor-column-gap-default\">\n\t\t\t\t\t<div class=\"elementor-column elementor-col-100 elementor-top-column elementor-element elementor-element-4c7ebb3\" data-id=\"4c7ebb3\" data-element_type=\"column\">\n\t\t\t<div class=\"elementor-widget-wrap elementor-element-populated\">\n\t\t\t\t\t\t<section class=\"elementor-section elementor-inner-section elementor-element elementor-element-72da9ba elementor-section-boxed elementor-section-height-default elementor-section-height-default\" data-id=\"72da9ba\" data-element_type=\"section\" data-settings=\"{&quot;_ha_eqh_enable&quot;:false}\">\n\t\t\t\t\t\t<div class=\"elementor-container elementor-column-gap-default\">\n\t\t\t\t\t<div class=\"elementor-column elementor-col-100 elementor-inner-column elementor-element elementor-element-53e626d\" data-id=\"53e626d\" data-element_type=\"column\">\n\t\t\t<div class=\"elementor-widget-wrap elementor-element-populated\">\n\t\t\t\t\t\t<div class=\"elementor-element elementor-element-901f6d6 elementor-widget elementor-widget-elementskit-faq\" data-id=\"901f6d6\" data-element_type=\"widget\" data-widget_type=\"elementskit-faq.default\">\n\t\t\t\t<div class=\"elementor-widget-container\">\n\t\t\t\t\t<div class=\"ekit-wid-con\" >\n                <div class=\"elementskit-single-faq elementor-repeater-item-ccb3fc9\">\n            <div class=\"elementskit-faq-header\">\n                <h2 class=\"elementskit-faq-title\">-\tSuppression des cookies<\/h2>\n            <\/div>\n            <div class=\"elementskit-faq-body\">\n                Vous pouvez supprimer tous les cookies qui sont d\u00e9j\u00e0 sur votre ordinateur et vous pouvez configurer la plupart des navigateurs pour les emp\u00eacher d'\u00eatre plac\u00e9s. Si vous faites cela, vous devrez peut-\u00eatre ajuster manuellement certaines pr\u00e9f\u00e9rences chaque fois que vous visitez un site web. Certains services et fonctionnalit\u00e9s peuvent ne pas fonctionner.            <\/div>\n        <\/div>\n                \n    <\/div>\t\t\t\t<\/div>\n\t\t\t\t<\/div>\n\t\t\t\t\t<\/div>\n\t\t<\/div>\n\t\t\t\t\t<\/div>\n\t\t<\/section>\n\t\t\t\t\t<\/div>\n\t\t<\/div>\n\t\t\t\t\t<\/div>\n\t\t<\/section>\n\t\t\t\t<\/div>","protected":false},"excerpt":{"rendered":"<p>Cookie policy The cookies we use allow us to improve our website and offer you a more personalized service. &#8211; What are cookies ? Cookies are text files containing small amounts of information downloaded to your device when you visit our website. Cookies are useful because they allow a website to recognize a user&#8217;s device. &#8230;<\/p>","protected":false},"author":1,"featured_media":0,"parent":0,"menu_order":0,"comment_status":"closed","ping_status":"closed","template":"template-wide-content.php","meta":{"cozystay_single_page_hide_site_header":"","cozystay_single_page_site_header_source":"","cozystay_single_page_custom_site_header":"0","cozystay_single_page_custom_sticky_site_header":"0","cozystay_single_page_hide_page_title":"on","cozystay_single_page_header_section_size":"","cozystay_single_page_header_background_color":"","cozystay_single_page_header_background_position_x":"center","cozystay_single_page_header_background_position_y":"center","cozystay_single_page_header_background_size":"cover","cozystay_single_page_header_background_repeat":"off","cozystay_single_page_header_background_scroll":"on","cozystay_single_page_header_text_color":"","cozystay_single_page_header_show_breadcrumb":"","cozystay_single_page_site_footer_hide_main":"","cozystay_single_custom_site_footer_main_source":"","cozystay_single_custom_site_footer_main":"0","cozystay_single_page_site_footer_hide_above":"","cozystay_single_custom_site_footer_above_source":"","cozystay_single_custom_site_footer_above":"0","cozystay_single_page_site_footer_hide_instagram":"","cozystay_single_page_site_footer_hide_bottom":"","cozystay_single_custom_mobile_menu_source":"","cozystay_single_custom_mobile_menu":"0","cozystay_single_custom_mobile_menu_animation":"","cozystay_single_custom_mobile_menu_width":"","cozystay_single_custom_mobile_menu_custom_width":375,"footnotes":""},"class_list":["post-230","page","type-page","status-publish","hentry"],"yoast_head":"<!-- This site is optimized with the Yoast SEO plugin v26.6 - https:\/\/yoast.com\/wordpress\/plugins\/seo\/ -->\n<title>Politiques De Confidentialit\u00e9 - Bakuba Lodge<\/title>\n<meta name=\"robots\" content=\"index, follow, max-snippet:-1, max-image-preview:large, max-video-preview:-1\" \/>\n<link rel=\"canonical\" href=\"https:\/\/bakuba-lodge.com\/fr\/events-meetings\/\" \/>\n<meta property=\"og:locale\" content=\"fr_FR\" \/>\n<meta property=\"og:type\" content=\"article\" \/>\n<meta property=\"og:title\" content=\"Politiques De Confidentialit\u00e9 - Bakuba Lodge\" \/>\n<meta property=\"og:description\" content=\"Cookie policy The cookies we use allow us to improve our website and offer you a more personalized service. &#8211; What are cookies ? Cookies are text files containing small amounts of information downloaded to your device when you visit our website. Cookies are useful because they allow a website to recognize a user&#8217;s device. ...\" \/>\n<meta property=\"og:url\" content=\"https:\/\/bakuba-lodge.com\/fr\/events-meetings\/\" \/>\n<meta property=\"og:site_name\" content=\"Bakuba Lodge\" \/>\n<meta property=\"article:publisher\" content=\"https:\/\/web.facebook.com\/bakubalodge?_rdc=1&amp;_rdr\" \/>\n<meta property=\"article:modified_time\" content=\"2024-04-05T06:42:23+00:00\" \/>\n<meta name=\"twitter:card\" content=\"summary_large_image\" \/>\n<meta name=\"twitter:label1\" content=\"Dur\u00e9e de lecture estim\u00e9e\" \/>\n\t<meta name=\"twitter:data1\" content=\"2 minutes\" \/>\n<script type=\"application\/ld+json\" class=\"yoast-schema-graph\">{\"@context\":\"https:\/\/schema.org\",\"@graph\":[{\"@type\":\"WebPage\",\"@id\":\"https:\/\/bakuba-lodge.com\/events-meetings\/\",\"url\":\"https:\/\/bakuba-lodge.com\/events-meetings\/\",\"name\":\"Politiques De Confidentialit\u00e9 - Bakuba Lodge\",\"isPartOf\":{\"@id\":\"https:\/\/bakuba-lodge.com\/fr\/#website\"},\"datePublished\":\"2023-03-25T04:00:07+00:00\",\"dateModified\":\"2024-04-05T06:42:23+00:00\",\"breadcrumb\":{\"@id\":\"https:\/\/bakuba-lodge.com\/events-meetings\/#breadcrumb\"},\"inLanguage\":\"fr-FR\",\"potentialAction\":[{\"@type\":\"ReadAction\",\"target\":[\"https:\/\/bakuba-lodge.com\/events-meetings\/\"]}]},{\"@type\":\"BreadcrumbList\",\"@id\":\"https:\/\/bakuba-lodge.com\/events-meetings\/#breadcrumb\",\"itemListElement\":[{\"@type\":\"ListItem\",\"position\":1,\"name\":\"Home\",\"item\":\"https:\/\/bakuba-lodge.com\/\"},{\"@type\":\"ListItem\",\"position\":2,\"name\":\"Politiques De Confidentialit\u00e9\"}]},{\"@type\":\"WebSite\",\"@id\":\"https:\/\/bakuba-lodge.com\/fr\/#website\",\"url\":\"https:\/\/bakuba-lodge.com\/fr\/\",\"name\":\"Bakuba Lodge\",\"description\":\"Bakuba Lodge\",\"publisher\":{\"@id\":\"https:\/\/bakuba-lodge.com\/fr\/#organization\"},\"potentialAction\":[{\"@type\":\"SearchAction\",\"target\":{\"@type\":\"EntryPoint\",\"urlTemplate\":\"https:\/\/bakuba-lodge.com\/fr\/?s={search_term_string}\"},\"query-input\":{\"@type\":\"PropertyValueSpecification\",\"valueRequired\":true,\"valueName\":\"search_term_string\"}}],\"inLanguage\":\"fr-FR\"},{\"@type\":\"Organization\",\"@id\":\"https:\/\/bakuba-lodge.com\/fr\/#organization\",\"name\":\"Bakuba Lodge\",\"url\":\"https:\/\/bakuba-lodge.com\/fr\/\",\"logo\":{\"@type\":\"ImageObject\",\"inLanguage\":\"fr-FR\",\"@id\":\"https:\/\/bakuba-lodge.com\/fr\/#\/schema\/logo\/image\/\",\"url\":\"https:\/\/bakuba-lodge.com\/wp-content\/uploads\/2024\/03\/cropped-logo-3-bk-01.png\",\"contentUrl\":\"https:\/\/bakuba-lodge.com\/wp-content\/uploads\/2024\/03\/cropped-logo-3-bk-01.png\",\"width\":570,\"height\":190,\"caption\":\"Bakuba Lodge\"},\"image\":{\"@id\":\"https:\/\/bakuba-lodge.com\/fr\/#\/schema\/logo\/image\/\"},\"sameAs\":[\"https:\/\/web.facebook.com\/bakubalodge?_rdc=1&_rdr\",\"https:\/\/www.instagram.com\/Bakuba_concept_Lodge\/\",\"https:\/\/www.tripadvisor.com\/Hotel_Review-g1826204-d4269268-Reviews-Bakuba_Lodge-Toliara_Toliara_Province.html\"]}]}<\/script>\n<!-- \/ Yoast SEO plugin. -->","yoast_head_json":{"title":"Politiques De Confidentialit\u00e9 - Bakuba Lodge","robots":{"index":"index","follow":"follow","max-snippet":"max-snippet:-1","max-image-preview":"max-image-preview:large","max-video-preview":"max-video-preview:-1"},"canonical":"https:\/\/bakuba-lodge.com\/fr\/events-meetings\/","og_locale":"fr_FR","og_type":"article","og_title":"Politiques De Confidentialit\u00e9 - Bakuba Lodge","og_description":"Cookie policy The cookies we use allow us to improve our website and offer you a more personalized service. &#8211; What are cookies ? Cookies are text files containing small amounts of information downloaded to your device when you visit our website. Cookies are useful because they allow a website to recognize a user&#8217;s device. ...","og_url":"https:\/\/bakuba-lodge.com\/fr\/events-meetings\/","og_site_name":"Bakuba Lodge","article_publisher":"https:\/\/web.facebook.com\/bakubalodge?_rdc=1&_rdr","article_modified_time":"2024-04-05T06:42:23+00:00","twitter_card":"summary_large_image","twitter_misc":{"Dur\u00e9e de lecture estim\u00e9e":"2 minutes"},"schema":{"@context":"https:\/\/schema.org","@graph":[{"@type":"WebPage","@id":"https:\/\/bakuba-lodge.com\/events-meetings\/","url":"https:\/\/bakuba-lodge.com\/events-meetings\/","name":"Politiques De Confidentialit\u00e9 - Bakuba Lodge","isPartOf":{"@id":"https:\/\/bakuba-lodge.com\/fr\/#website"},"datePublished":"2023-03-25T04:00:07+00:00","dateModified":"2024-04-05T06:42:23+00:00","breadcrumb":{"@id":"https:\/\/bakuba-lodge.com\/events-meetings\/#breadcrumb"},"inLanguage":"fr-FR","potentialAction":[{"@type":"ReadAction","target":["https:\/\/bakuba-lodge.com\/events-meetings\/"]}]},{"@type":"BreadcrumbList","@id":"https:\/\/bakuba-lodge.com\/events-meetings\/#breadcrumb","itemListElement":[{"@type":"ListItem","position":1,"name":"Home","item":"https:\/\/bakuba-lodge.com\/"},{"@type":"ListItem","position":2,"name":"Politiques De Confidentialit\u00e9"}]},{"@type":"WebSite","@id":"https:\/\/bakuba-lodge.com\/fr\/#website","url":"https:\/\/bakuba-lodge.com\/fr\/","name":"Bakuba Lodge","description":"Bakuba Lodge","publisher":{"@id":"https:\/\/bakuba-lodge.com\/fr\/#organization"},"potentialAction":[{"@type":"SearchAction","target":{"@type":"EntryPoint","urlTemplate":"https:\/\/bakuba-lodge.com\/fr\/?s={search_term_string}"},"query-input":{"@type":"PropertyValueSpecification","valueRequired":true,"valueName":"search_term_string"}}],"inLanguage":"fr-FR"},{"@type":"Organization","@id":"https:\/\/bakuba-lodge.com\/fr\/#organization","name":"Bakuba Lodge","url":"https:\/\/bakuba-lodge.com\/fr\/","logo":{"@type":"ImageObject","inLanguage":"fr-FR","@id":"https:\/\/bakuba-lodge.com\/fr\/#\/schema\/logo\/image\/","url":"https:\/\/bakuba-lodge.com\/wp-content\/uploads\/2024\/03\/cropped-logo-3-bk-01.png","contentUrl":"https:\/\/bakuba-lodge.com\/wp-content\/uploads\/2024\/03\/cropped-logo-3-bk-01.png","width":570,"height":190,"caption":"Bakuba Lodge"},"image":{"@id":"https:\/\/bakuba-lodge.com\/fr\/#\/schema\/logo\/image\/"},"sameAs":["https:\/\/web.facebook.com\/bakubalodge?_rdc=1&_rdr","https:\/\/www.instagram.com\/Bakuba_concept_Lodge\/","https:\/\/www.tripadvisor.com\/Hotel_Review-g1826204-d4269268-Reviews-Bakuba_Lodge-Toliara_Toliara_Province.html"]}]}},"_links":{"self":[{"href":"https:\/\/bakuba-lodge.com\/fr\/wp-json\/wp\/v2\/pages\/230","targetHints":{"allow":["GET"]}}],"collection":[{"href":"https:\/\/bakuba-lodge.com\/fr\/wp-json\/wp\/v2\/pages"}],"about":[{"href":"https:\/\/bakuba-lodge.com\/fr\/wp-json\/wp\/v2\/types\/page"}],"author":[{"embeddable":true,"href":"https:\/\/bakuba-lodge.com\/fr\/wp-json\/wp\/v2\/users\/1"}],"replies":[{"embeddable":true,"href":"https:\/\/bakuba-lodge.com\/fr\/wp-json\/wp\/v2\/comments?post=230"}],"version-history":[{"count":0,"href":"https:\/\/bakuba-lodge.com\/fr\/wp-json\/wp\/v2\/pages\/230\/revisions"}],"wp:attachment":[{"href":"https:\/\/bakuba-lodge.com\/fr\/wp-json\/wp\/v2\/media?parent=230"}],"curies":[{"name":"wp","href":"https:\/\/api.w.org\/{rel}","templated":true}]}}